{"id":190,"date":"2024-10-09T11:18:49","date_gmt":"2024-10-09T11:18:49","guid":{"rendered":"https:\/\/booking.playmentor.io\/terms-and-conditions\/"},"modified":"2024-10-15T21:30:20","modified_gmt":"2024-10-15T21:30:20","slug":"condiciones-generales","status":"publish","type":"page","link":"https:\/\/booking.playmentor.io\/es\/condiciones-generales\/","title":{"rendered":"Condiciones generales"},"content":{"rendered":"<p><span style=\"font-weight: 400;\">Condiciones generales <\/span><b>Playmentor Escenario de invierno<\/b><\/p>\n<p><span style=\"font-weight: 400;\">Ubicaci\u00f3n: Calella, Espa\u00f1a<\/span><\/p>\n<p><span style=\"font-weight: 400;\">Fechas: 27 de diciembre - 30 de diciembre de 2024<\/span><\/p>\n<ol>\n<li><strong> Inscripci\u00f3n y pago<\/strong><\/li>\n<\/ol>\n<p><span style=\"font-weight: 400;\">1.1. Los participantes deber\u00e1n cumplimentar el formulario de inscripci\u00f3n y seleccionar el formato de campamento que prefieran (Internado completo o No Internado).<\/span><\/p>\n<p><span style=\"font-weight: 400;\">1.2. Precios de los campamentos:<\/span><\/p>\n<ul>\n<li><span style=\"font-weight: 400;\">Para consultar los precios actuales, visite booking.playmentor.io<\/span><\/li>\n<li><span style=\"font-weight: 400;\">Las tarifas adicionales para participantes internacionales y los complementos opcionales (como sesiones de formaci\u00f3n adicionales o transporte) tambi\u00e9n pueden consultarse en la p\u00e1gina de precios.<\/span><\/li>\n<\/ul>\n<p>1.3. Complementos:<\/p>\n<ul>\n<li><span style=\"font-weight: 400;\">Los complementos disponibles, que incluyen sesiones de entrenamiento adicionales, sesiones de psicolog\u00eda deportiva, revisi\u00f3n f\u00edsica y opciones de transporte, se detallan en booking.playmentor.io.<\/span><\/li>\n<\/ul>\n<p>1.4. El pago debe completarse antes del 5\/12\/2024 a trav\u00e9s de WooPayments\/Stripe (tarjeta de cr\u00e9dito, tarjeta de d\u00e9bito).<\/p>\n<ol start=\"2\">\n<li><strong> Pol\u00edtica de cancelaci\u00f3n<\/strong><\/li>\n<\/ol>\n<p><span style=\"font-weight: 400;\">2.1. Las cancelaciones realizadas antes del 1\/12\/2024 recibir\u00e1n un reembolso 50%.<\/span><\/p>\n<p><span style=\"font-weight: 400;\">2.2. Las cancelaciones realizadas despu\u00e9s del 1\/12\/2024 no tendr\u00e1n derecho a reembolso, excepto en casos de emergencia m\u00e9dica, justificada por una nota del m\u00e9dico. En este caso tambi\u00e9n podr\u00edamos ofrecer un vale para utilizar en otros productos\/actividades de Playmentor<\/span><\/p>\n<p><span style=\"font-weight: 400;\">2.3. Si el campamento es cancelado por los organizadores debido a circunstancias imprevistas, los participantes recibir\u00e1n un reembolso completo.<\/span><\/p>\n<ol start=\"3\">\n<li><strong> Salud, seguridad y seguros<\/strong><\/li>\n<\/ol>\n<p><span style=\"font-weight: 400;\">3.1. Todos los participantes deben presentar un formulario de autorizaci\u00f3n m\u00e9dica que indique que est\u00e1n en condiciones de participar en actividades f\u00edsicas.<\/span><\/p>\n<p><span style=\"font-weight: 400;\">3.2. El campamento proporciona cobertura de seguro a todos los participantes durante el campamento, cubriendo lesiones y accidentes relacionados con las actividades del campamento.<\/span><\/p>\n<p><span style=\"font-weight: 400;\">3.3. Los participantes o sus tutores son responsables de informar a los organizadores de cualquier condici\u00f3n m\u00e9dica o alergia existente.<\/span><\/p>\n<p><span style=\"font-weight: 400;\">3.4. Los primeros auxilios estar\u00e1n disponibles in situ; cualquier tratamiento m\u00e9dico que vaya m\u00e1s all\u00e1 de los cuidados b\u00e1sicos ser\u00e1 gestionado por la p\u00f3liza de seguros del campamento o ser\u00e1 responsabilidad del participante.<\/span><\/p>\n<ol start=\"4\">\n<li><strong> Requisitos de edad<\/strong><\/li>\n<\/ol>\n<p><span style=\"font-weight: 400;\">4.1. El campamento est\u00e1 abierto a participantes de 10 a 18 a\u00f1os.<\/span><\/p>\n<p><span style=\"font-weight: 400;\">4.2. En el momento de la inscripci\u00f3n podr\u00e1 exigirse una prueba de edad.<\/span><\/p>\n<ol start=\"5\">\n<li><strong> C\u00f3digo de conducta<\/strong><\/li>\n<\/ol>\n<p><span style=\"font-weight: 400;\">5.1. Se espera que los participantes se comporten respetuosamente con los entrenadores, el personal y los dem\u00e1s participantes.<\/span><\/p>\n<p><span style=\"font-weight: 400;\">5.2. El comportamiento perturbador o inadecuado puede dar lugar a que se pida al participante que abandone el campamento sin derecho a reembolso.<\/span><\/p>\n<p><span style=\"font-weight: 400;\">5.3. Los participantes son responsables de sus pertenencias. Los organizadores no se hacen responsables de los objetos perdidos o robados.<\/span><\/p>\n<ol start=\"6\">\n<li><strong> Responsabilidad<\/strong><\/li>\n<\/ol>\n<p><span style=\"font-weight: 400;\">6.1. Los organizadores del campamento no se responsabilizar\u00e1n de los da\u00f1os personales o materiales ni de la p\u00e9rdida de objetos personales fuera del alcance del seguro proporcionado.<\/span><\/p>\n<p><span style=\"font-weight: 400;\">6.2. Al inscribirse, los participantes o sus tutores legales reconocen que participan por su cuenta y riesgo y eximen a los organizadores de cualquier reclamaci\u00f3n no cubierta por el seguro.<\/span><\/p>\n<ol start=\"7\">\n<li><strong> Fotograf\u00eda y medios de comunicaci\u00f3n<\/strong><\/li>\n<\/ol>\n<p><span style=\"font-weight: 400;\">7.1. Se podr\u00e1n tomar fotos y v\u00eddeos durante el campamento con fines promocionales. Al asistir, los participantes consienten el uso de sus im\u00e1genes en materiales promocionales.<\/span><\/p>\n<p><span style=\"font-weight: 400;\">7.2. Si no desea que se utilice su imagen o la de su hijo, informe a los organizadores por escrito antes del inicio del campamento.<\/span><\/p>\n<ol start=\"8\">\n<li><strong> Alojamiento y comidas<\/strong><\/li>\n<\/ol>\n<p><span style=\"font-weight: 400;\">8.1. Pensi\u00f3n completa: Incluye alojamiento desde la noche del 27 de diciembre hasta la ma\u00f1ana del 30 de diciembre (el 30 es s\u00f3lo medio d\u00eda). Se proporcionar\u00e1n tres comidas al d\u00eda y tentempi\u00e9s.<\/span><\/p>\n<p><span style=\"font-weight: 400;\">8.2. No embarcado: Incluye una comida diaria (almuerzo) y tentempi\u00e9s durante las pausas. No se proporciona alojamiento.<\/span><\/p>\n<p><span style=\"font-weight: 400;\">8.3. Se ruega informar con antelaci\u00f3n a los organizadores de cualquier restricci\u00f3n diet\u00e9tica.<\/span><\/p>\n<ol start=\"9\">\n<li><strong> Horario del campamento<\/strong><\/li>\n<\/ol>\n<p><span style=\"font-weight: 400;\">9.1. El horario del campamento se comunicar\u00e1 a los participantes a su llegada.<\/span><\/p>\n<p><span style=\"font-weight: 400;\">9.2. La asistencia a todas las sesiones de entrenamiento es obligatoria, a menos que el entrenador la justifique por razones m\u00e9dicas.<\/span><\/p>\n<ol start=\"10\">\n<li><strong> Viajar<\/strong><\/li>\n<\/ol>\n<p><span style=\"font-weight: 400;\">10.1. Los participantes son responsables de organizar su propio transporte de ida y vuelta a Calella, Espa\u00f1a.<\/span><\/p>\n<p><span style=\"font-weight: 400;\">10.2. Transporte adicional: Los participantes pueden elegir el transporte a\/desde Barcelona o Girona por 50 euros por trayecto (s\u00f3lo ida), que puede seleccionarse durante la inscripci\u00f3n.<\/span><\/p>\n<p><span style=\"font-weight: 400;\">10.3. Los organizadores del campamento est\u00e1n disponibles para ayudar con recomendaciones de viaje si es necesario.<\/span><\/p>\n<ol start=\"11\">\n<li><strong> Fuerza mayor<\/strong><\/li>\n<\/ol>\n<p><span style=\"font-weight: 400;\">11.1. Los organizadores no se hacen responsables de las cancelaciones o alteraciones del campamento debidas a acontecimientos que escapen a su control, como cat\u00e1strofes naturales, huelgas o restricciones gubernamentales.<\/span><\/p>\n<ol start=\"12\">\n<li><strong> Informaci\u00f3n de contacto<\/strong><\/li>\n<\/ol>\n<p><span style=\"font-weight: 400;\">12.1. Para cualquier pregunta o duda sobre el campamento, p\u00f3ngase en contacto con nosotros en info@playmentor.io<\/span><\/p>","protected":false},"excerpt":{"rendered":"<p>Terms and Conditions for Playmentor Winter Stage Location: Calella, Spain Dates: December 27th &#8211; December 30th, 2024 Registration and Payment [&hellip;]<\/p>","protected":false},"author":1,"featured_media":0,"parent":0,"menu_order":0,"comment_status":"closed","ping_status":"closed","template":"","meta":{"content-type":"","site-sidebar-layout":"default","site-content-layout":"","ast-site-content-layout":"default","site-content-style":"default","site-sidebar-style":"default","ast-global-header-display":"","ast-banner-title-visibility":"","ast-main-header-display":"","ast-hfb-above-header-display":"","ast-hfb-below-header-display":"","ast-hfb-mobile-header-display":"","site-post-title":"","ast-breadcrumbs-content":"","ast-featured-img":"","footer-sml-layout":"","theme-transparent-header-meta":"default","adv-header-id-meta":"","stick-header-meta":"","header-above-stick-meta":"","header-main-stick-meta":"","header-below-stick-meta":"","astra-migrate-meta-layouts":"set","ast-page-background-enabled":"default","ast-page-background-meta":{"desktop":{"background-color":"var(--ast-global-color-4)","background-image":"","background-repeat":"repeat","background-position":"center center","background-size":"auto","background-attachment":"scroll","background-type":"","background-media":"","overlay-type":"","overlay-color":"","overlay-opacity":"","overlay-gradient":""},"tablet":{"background-color":"","background-image":"","background-repeat":"repeat","background-position":"center center","background-size":"auto","background-attachment":"scroll","background-type":"","background-media":"","overlay-type":"","overlay-color":"","overlay-opacity":"","overlay-gradient":""},"mobile":{"background-color":"","background-image":"","background-repeat":"repeat","background-position":"center center","background-size":"auto","background-attachment":"scroll","background-type":"","background-media":"","overlay-type":"","overlay-color":"","overlay-opacity":"","overlay-gradient":""}},"ast-content-background-meta":{"desktop":{"background-color":"var(--ast-global-color-5)","background-image":"","background-repeat":"repeat","background-position":"center center","background-size":"auto","background-attachment":"scroll","background-type":"","background-media":"","overlay-type":"","overlay-color":"","overlay-opacity":"","overlay-gradient":""},"tablet":{"background-color":"var(--ast-global-color-5)","background-image":"","background-repeat":"repeat","background-position":"center center","background-size":"auto","background-attachment":"scroll","background-type":"","background-media":"","overlay-type":"","overlay-color":"","overlay-opacity":"","overlay-gradient":""},"mobile":{"background-color":"var(--ast-global-color-5)","background-image":"","background-repeat":"repeat","background-position":"center center","background-size":"auto","background-attachment":"scroll","background-type":"","background-media":"","overlay-type":"","overlay-color":"","overlay-opacity":"","overlay-gradient":""}},"footnotes":""},"class_list":["post-190","page","type-page","status-publish","hentry"],"_links":{"self":[{"href":"https:\/\/booking.playmentor.io\/es\/wp-json\/wp\/v2\/pages\/190","targetHints":{"allow":["GET"]}}],"collection":[{"href":"https:\/\/booking.playmentor.io\/es\/wp-json\/wp\/v2\/pages"}],"about":[{"href":"https:\/\/booking.playmentor.io\/es\/wp-json\/wp\/v2\/types\/page"}],"author":[{"embeddable":true,"href":"https:\/\/booking.playmentor.io\/es\/wp-json\/wp\/v2\/users\/1"}],"replies":[{"embeddable":true,"href":"https:\/\/booking.playmentor.io\/es\/wp-json\/wp\/v2\/comments?post=190"}],"version-history":[{"count":2,"href":"https:\/\/booking.playmentor.io\/es\/wp-json\/wp\/v2\/pages\/190\/revisions"}],"predecessor-version":[{"id":605,"href":"https:\/\/booking.playmentor.io\/es\/wp-json\/wp\/v2\/pages\/190\/revisions\/605"}],"wp:attachment":[{"href":"https:\/\/booking.playmentor.io\/es\/wp-json\/wp\/v2\/media?parent=190"}],"curies":[{"name":"wp","href":"https:\/\/api.w.org\/{rel}","templated":true}]}}