{"id":204,"date":"2024-10-09T21:18:46","date_gmt":"2024-10-09T21:18:46","guid":{"rendered":"https:\/\/booking.playmentor.io\/?post_type=product&#038;p=204"},"modified":"2024-11-04T12:46:15","modified_gmt":"2024-11-04T12:46:15","slug":"chequeo-fisico","status":"publish","type":"product","link":"https:\/\/booking.playmentor.io\/es\/campamento\/chequeo-fisico\/","title":{"rendered":"Bonus 1 &#8211; Physical Check-Up"},"content":{"rendered":"","protected":false},"excerpt":{"rendered":"<p>Evaluaci\u00f3n exhaustiva y masaje deportivo de 20 minutos, que incluye:<\/p>\n<ul>\n<li>Evaluaci\u00f3n de su estructura corporal y composici\u00f3n f\u00edsica para optimizar el rendimiento, prevenir lesiones y personalizar su entrenamiento y nutrici\u00f3n.<\/li>\n<li>Entrega del informe de evaluaci\u00f3n morfol\u00f3gica<\/li>\n<\/ul>","protected":false},"featured_media":577,"template":"","meta":{"content-type":"","site-sidebar-layout":"no-sidebar","site-content-layout":"","ast-site-content-layout":"full-width-container","site-content-style":"default","site-sidebar-style":"default","ast-global-header-display":"","ast-banner-title-visibility":"","ast-main-header-display":"","ast-hfb-above-header-display":"","ast-hfb-below-header-display":"","ast-hfb-mobile-header-display":"","site-post-title":"disabled","ast-breadcrumbs-content":"","ast-featured-img":"disabled","footer-sml-layout":"","theme-transparent-header-meta":"default","adv-header-id-meta":"","stick-header-meta":"","header-above-stick-meta":"","header-main-stick-meta":"","header-below-stick-meta":"","astra-migrate-meta-layouts":"set","ast-page-background-enabled":"default","ast-page-background-meta":{"desktop":{"background-color":"var(--ast-global-color-4)","background-image":"","background-repeat":"repeat","background-position":"center center","background-size":"auto","background-attachment":"scroll","background-type":"","background-media":"","overlay-type":"","overlay-color":"","overlay-opacity":"","overlay-gradient":""},"tablet":{"background-color":"","background-image":"","background-repeat":"repeat","background-position":"center center","background-size":"auto","background-attachment":"scroll","background-type":"","background-media":"","overlay-type":"","overlay-color":"","overlay-opacity":"","overlay-gradient":""},"mobile":{"background-color":"","background-image":"","background-repeat":"repeat","background-position":"center center","background-size":"auto","background-attachment":"scroll","background-type":"","background-media":"","overlay-type":"","overlay-color":"","overlay-opacity":"","overlay-gradient":""}},"ast-content-background-meta":{"desktop":{"background-color":"var(--ast-global-color-5)","background-image":"","background-repeat":"repeat","background-position":"center center","background-size":"auto","background-attachment":"scroll","background-type":"","background-media":"","overlay-type":"","overlay-color":"","overlay-opacity":"","overlay-gradient":""},"tablet":{"background-color":"var(--ast-global-color-5)","background-image":"","background-repeat":"repeat","background-position":"center center","background-size":"auto","background-attachment":"scroll","background-type":"","background-media":"","overlay-type":"","overlay-color":"","overlay-opacity":"","overlay-gradient":""},"mobile":{"background-color":"var(--ast-global-color-5)","background-image":"","background-repeat":"repeat","background-position":"center center","background-size":"auto","background-attachment":"scroll","background-type":"","background-media":"","overlay-type":"","overlay-color":"","overlay-opacity":"","overlay-gradient":""}}},"product_brand":[],"product_cat":[42],"product_tag":[],"class_list":{"0":"post-204","1":"product","2":"type-product","3":"status-publish","4":"has-post-thumbnail","6":"product_cat-camp-add-ons","7":"desktop-align-left","8":"tablet-align-left","9":"mobile-align-left","11":"first","12":"instock","13":"virtual","14":"purchasable","15":"product-type-simple"},"_links":{"self":[{"href":"https:\/\/booking.playmentor.io\/es\/wp-json\/wp\/v2\/product\/204","targetHints":{"allow":["GET"]}}],"collection":[{"href":"https:\/\/booking.playmentor.io\/es\/wp-json\/wp\/v2\/product"}],"about":[{"href":"https:\/\/booking.playmentor.io\/es\/wp-json\/wp\/v2\/types\/product"}],"version-history":[{"count":4,"href":"https:\/\/booking.playmentor.io\/es\/wp-json\/wp\/v2\/product\/204\/revisions"}],"predecessor-version":[{"id":761,"href":"https:\/\/booking.playmentor.io\/es\/wp-json\/wp\/v2\/product\/204\/revisions\/761"}],"wp:featuredmedia":[{"embeddable":true,"href":"https:\/\/booking.playmentor.io\/es\/wp-json\/wp\/v2\/media\/577"}],"wp:attachment":[{"href":"https:\/\/booking.playmentor.io\/es\/wp-json\/wp\/v2\/media?parent=204"}],"wp:term":[{"taxonomy":"product_brand","embeddable":true,"href":"https:\/\/booking.playmentor.io\/es\/wp-json\/wp\/v2\/product_brand?post=204"},{"taxonomy":"product_cat","embeddable":true,"href":"https:\/\/booking.playmentor.io\/es\/wp-json\/wp\/v2\/product_cat?post=204"},{"taxonomy":"product_tag","embeddable":true,"href":"https:\/\/booking.playmentor.io\/es\/wp-json\/wp\/v2\/product_tag?post=204"}],"curies":[{"name":"wp","href":"https:\/\/api.w.org\/{rel}","templated":true}]}}